{"id":172,"date":"2025-09-05T11:15:42","date_gmt":"2025-09-05T11:15:42","guid":{"rendered":"https:\/\/hefzibadesign.com\/produkt\/wandkalender-schoenheit-des-jahres\/"},"modified":"2025-09-05T11:15:42","modified_gmt":"2025-09-05T11:15:42","slug":"wandkalender-schoenheit-des-jahres","status":"publish","type":"product","link":"https:\/\/hefzibadesign.com\/es\/produkt\/wandkalender-schoenheit-des-jahres\/","title":{"rendered":"Wandkalender: Sch\u00f6nheit des Jahres"},"content":{"rendered":"<p>Ein Wandkalender mit wundersch\u00f6nen Fotografien und inspirierenden Zitaten f\u00fcr jeden Monat.<\/p>","protected":false},"excerpt":{"rendered":"<p>Ein Wandkalender mit wundersch\u00f6nen Fotografien und inspirierenden Zitaten f\u00fcr jeden Monat.<\/p>","protected":false},"featured_media":0,"comment_status":"open","ping_status":"closed","template":"","meta":{"give_campaign_id":0},"product_brand":[],"product_cat":[25],"product_tag":[],"class_list":{"0":"post-172","1":"product","2":"type-product","3":"status-publish","5":"product_cat-dekoration","7":"first","8":"instock","9":"shipping-taxable","10":"purchasable","11":"product-type-simple"},"aioseo_notices":[],"_links":{"self":[{"href":"https:\/\/hefzibadesign.com\/es\/wp-json\/wp\/v2\/product\/172","targetHints":{"allow":["GET"]}}],"collection":[{"href":"https:\/\/hefzibadesign.com\/es\/wp-json\/wp\/v2\/product"}],"about":[{"href":"https:\/\/hefzibadesign.com\/es\/wp-json\/wp\/v2\/types\/product"}],"replies":[{"embeddable":true,"href":"https:\/\/hefzibadesign.com\/es\/wp-json\/wp\/v2\/comments?post=172"}],"wp:attachment":[{"href":"https:\/\/hefzibadesign.com\/es\/wp-json\/wp\/v2\/media?parent=172"}],"wp:term":[{"taxonomy":"product_brand","embeddable":true,"href":"https:\/\/hefzibadesign.com\/es\/wp-json\/wp\/v2\/product_brand?post=172"},{"taxonomy":"product_cat","embeddable":true,"href":"https:\/\/hefzibadesign.com\/es\/wp-json\/wp\/v2\/product_cat?post=172"},{"taxonomy":"product_tag","embeddable":true,"href":"https:\/\/hefzibadesign.com\/es\/wp-json\/wp\/v2\/product_tag?post=172"}],"curies":[{"name":"wp","href":"https:\/\/api.w.org\/{rel}","templated":true}]}}